{"id":26073,"date":"2024-10-02T10:10:18","date_gmt":"2024-10-02T07:10:18","guid":{"rendered":"https:\/\/www.rpa.ro\/?page_id=26073"},"modified":"2024-10-09T09:12:03","modified_gmt":"2024-10-09T06:12:03","slug":"aplicabilitate-si-avantaje","status":"publish","type":"page","link":"https:\/\/www.rpa.ro\/en\/aplicabilitate-si-avantaje\/","title":{"rendered":"Applicability and Advantages"},"content":{"rendered":"<p>[et_pb_section fb_built=&#8221;1&#8243; _builder_version=&#8221;4.16&#8243; custom_padding=&#8221;0|0px|0|0px|false|false&#8221; global_colors_info=&#8221;{}&#8221;][et_pb_row _builder_version=&#8221;4.16&#8243; width=&#8221;100%&#8221; max_width=&#8221;100%&#8221; custom_padding=&#8221;0|0px|0|0px|false|false&#8221; use_custom_width=&#8221;on&#8221; width_unit=&#8221;off&#8221; custom_width_percent=&#8221;100%&#8221; global_colors_info=&#8221;{}&#8221;][et_pb_column type=&#8221;4_4&#8243; _builder_version=&#8221;4.16&#8243; custom_padding=&#8221;|||&#8221; global_colors_info=&#8221;{}&#8221; custom_padding__hover=&#8221;|||&#8221;][et_pb_slider _builder_version=&#8221;4.27.0&#8243; header_font=&#8221;||||||||&#8221; background_color=&#8221;#0c71c3&#8243; custom_padding=&#8221;1rem||1rem||false|false&#8221; global_colors_info=&#8221;{}&#8221;][et_pb_slide heading=&#8221;Aplicabilitate \u0219i Avantaje&#8221; _builder_version=&#8221;4.27.0&#8243; header_level=&#8221;h1&#8243; header_font=&#8221;|700|||||||&#8221; global_colors_info=&#8221;{}&#8221; sticky_transition=&#8221;on&#8221;][\/et_pb_slide][\/et_pb_slider][\/et_pb_column][\/et_pb_row][\/et_pb_section][et_pb_section fb_built=&#8221;1&#8243; _builder_version=&#8221;4.16&#8243; custom_padding=&#8221;15px|0px|28px|0px|false|false&#8221; global_colors_info=&#8221;{}&#8221;][et_pb_row column_structure=&#8221;1_2,1_2&#8243; make_equal=&#8221;on&#8221; _builder_version=&#8221;4.27.0&#8243; custom_padding=&#8221;27px|0px|40px|0px|false|false&#8221; global_colors_info=&#8221;{}&#8221;][et_pb_column type=&#8221;1_2&#8243; _builder_version=&#8221;4.16&#8243; custom_padding=&#8221;|||&#8221; global_colors_info=&#8221;{}&#8221; custom_padding__hover=&#8221;|||&#8221;][et_pb_text _builder_version=&#8221;4.27.0&#8243; global_colors_info=&#8221;{}&#8221;]<\/p>\n<h2><strong>Applicability<\/strong><\/h2>\n<ul>\n<li>Simple or complex tasks<\/li>\n<li>High volume, high series production<\/li>\n<li>Transfer of information<\/li>\n<li>High-frequency quality control<\/li>\n<li>Finding and identifying parts in a group<\/li>\n<li>Positioning robots using 2D or 3D camera systems<\/li>\n<\/ul>\n<p>[\/et_pb_text][\/et_pb_column][et_pb_column type=&#8221;1_2&#8243; _builder_version=&#8221;4.16&#8243; custom_padding=&#8221;|||&#8221; global_colors_info=&#8221;{}&#8221; custom_padding__hover=&#8221;|||&#8221;][et_pb_text _builder_version=&#8221;4.27.0&#8243; global_colors_info=&#8221;{}&#8221;]<\/p>\n<h2><strong>Advantages<\/strong><\/h2>\n<ul>\n<li>Reduce manual effort associated with repetitive tasks<\/li>\n<li>Fast implementation time - start amortizing the investment in a short time<\/li>\n<li>Eliminating human errors<\/li>\n<li>Risk elimination<\/li>\n<li>Increase operational efficiency<\/li>\n<li>Permanent monitoring and reporting of actions<\/li>\n<li>Reducing costs<\/li>\n<li>24\/7 working time<\/li>\n<\/ul>\n<p>[\/et_pb_text][\/et_pb_column][\/et_pb_row][\/et_pb_section][et_pb_section fb_built=&#8221;1&#8243; admin_label=&#8221;Final_Footer&#8221; _builder_version=&#8221;3.19.12&#8243; background_color=&#8221;#000&#8243; custom_padding=&#8221;0px|0px|0px|0px|false|false&#8221; global_module=&#8221;185&#8243; saved_tabs=&#8221;all&#8221; global_colors_info=&#8221;{}&#8221;][et_pb_row column_structure=&#8221;1_3,1_3,1_3&#8243; _builder_version=&#8221;4.16&#8243; max_width=&#8221;80%&#8221; use_custom_width=&#8221;on&#8221; width_unit=&#8221;off&#8221; global_colors_info=&#8221;{}&#8221;][et_pb_column type=&#8221;1_3&#8243; _builder_version=&#8221;4.16&#8243; custom_padding=&#8221;|||&#8221; global_colors_info=&#8221;{}&#8221; custom_padding__hover=&#8221;|||&#8221;][et_pb_text _builder_version=&#8221;4.16&#8243; custom_margin=&#8221;||0px&#8221; custom_padding=&#8221;0px||0px&#8221; global_colors_info=&#8221;{}&#8221;]<\/p>\n<h3 style=\"text-align: center;\"><span style=\"font-size: x-large; color: #ffffff;\"><strong>Robotic Process Automation<\/strong><\/span><\/h3>\n<p>[\/et_pb_text][et_pb_divider color=&#8221;#09e1c0&#8243; divider_weight=&#8221;3px&#8221; disabled_on=&#8221;on|on|off&#8221; _builder_version=&#8221;4.16&#8243; background_size=&#8221;initial&#8221; background_position=&#8221;top_left&#8221; background_repeat=&#8221;repeat&#8221; max_width=&#8221;40px&#8221; module_alignment=&#8221;center&#8221; custom_margin=&#8221;2px||5px|&#8221; animation_style=&#8221;zoom&#8221; animation_direction=&#8221;left&#8221; locked=&#8221;off&#8221; global_colors_info=&#8221;{}&#8221;][\/et_pb_divider][et_pb_image src=&#8221;https:\/\/www.rpa.ro\/wp-content\/uploads\/2019\/01\/RPA_Logo_Anim_Small.gif&#8221; show_bottom_space=&#8221;off&#8221; align=&#8221;center&#8221; align_tablet=&#8221;center&#8221; align_phone=&#8221;&#8221; align_last_edited=&#8221;on|desktop&#8221; _builder_version=&#8221;4.16&#8243; max_width=&#8221;65%&#8221; module_alignment=&#8221;center&#8221; custom_margin=&#8221;||&#8221; custom_padding=&#8221;15px||&#8221; custom_padding_tablet=&#8221;0px|||&#8221; custom_padding_phone=&#8221;0px||&#8221; custom_padding_last_edited=&#8221;on|tablet&#8221; global_colors_info=&#8221;{}&#8221;][\/et_pb_image][\/et_pb_column][et_pb_column type=&#8221;1_3&#8243; _builder_version=&#8221;4.16&#8243; custom_padding=&#8221;|||&#8221; global_colors_info=&#8221;{}&#8221; custom_padding__hover=&#8221;|||&#8221;][et_pb_text _builder_version=&#8221;4.16&#8243; custom_margin=&#8221;||0px&#8221; custom_padding=&#8221;0px||0px&#8221; global_colors_info=&#8221;{}&#8221;]<\/p>\n<h3 style=\"text-align: center;\"><span style=\"font-size: x-large; color: #ffffff;\"><strong>Contact Us<\/strong><\/span><\/h3>\n<p>[\/et_pb_text][et_pb_divider color=&#8221;#09e1c0&#8243; divider_weight=&#8221;3px&#8221; disabled_on=&#8221;on|on|off&#8221; _builder_version=&#8221;4.16&#8243; background_size=&#8221;initial&#8221; background_position=&#8221;top_left&#8221; background_repeat=&#8221;repeat&#8221; max_width=&#8221;40px&#8221; module_alignment=&#8221;center&#8221; custom_margin=&#8221;2px||5px|&#8221; animation_style=&#8221;zoom&#8221; animation_direction=&#8221;left&#8221; locked=&#8221;off&#8221; global_colors_info=&#8221;{}&#8221;][\/et_pb_divider][et_pb_blurb use_icon=&#8221;on&#8221; font_icon=&#8221;&#xe010;||divi||400&#8243; icon_placement=&#8221;left&#8221; content_max_width=&#8221;200px&#8221; _builder_version=&#8221;4.16&#8243; header_font=&#8221;||||||||&#8221; body_font=&#8221;||||||||&#8221; body_font_size=&#8221;15px&#8221; body_line_height=&#8221;2em&#8221; custom_margin=&#8221;10px||10px||true&#8221; custom_padding=&#8221;|||&#8221; link_option_url=&#8221;mailto:office@rpa.ro&#8221; link_option_url_new_window=&#8221;on&#8221; global_colors_info=&#8221;{}&#8221;]<\/p>\n<p><span style=\"color: #ffffff;\">office@rpa.ro<\/span><\/p>\n<p>[\/et_pb_blurb][et_pb_blurb url_new_window=&#8221;on&#8221; use_icon=&#8221;on&#8221; font_icon=&#8221;&#xe00b;||divi||400&#8243; icon_placement=&#8221;left&#8221; content_max_width=&#8221;200px&#8221; _builder_version=&#8221;4.16&#8243; header_font=&#8221;||||||||&#8221; body_font=&#8221;||||||||&#8221; body_font_size=&#8221;15px&#8221; body_line_height=&#8221;2em&#8221; custom_margin=&#8221;10px||10px||true&#8221; custom_padding=&#8221;|||&#8221; link_option_url=&#8221;tel:+40751271751&#8243; link_option_url_new_window=&#8221;on&#8221; global_colors_info=&#8221;{}&#8221;]<\/p>\n<p><span style=\"color: #ffffff;\">+40 751 271 751<\/span><\/p>\n<p>[\/et_pb_blurb][et_pb_blurb use_icon=&#8221;on&#8221; font_icon=&#8221;&#xe01d;||divi||400&#8243; icon_placement=&#8221;left&#8221; content_max_width=&#8221;200px&#8221; _builder_version=&#8221;4.16&#8243; header_font=&#8221;||||||||&#8221; body_font=&#8221;||||||||&#8221; body_font_size=&#8221;15px&#8221; body_line_height=&#8221;2em&#8221; custom_margin=&#8221;10px||10px||true&#8221; custom_padding=&#8221;|||&#8221; link_option_url=&#8221;https:\/\/www.rpa.ro\/company\/#officeaddress&#8221; global_colors_info=&#8221;{}&#8221;]<\/p>\n<p><span style=\"color: #ffffff;\">RPA Office Address<\/span><\/p>\n<p>[\/et_pb_blurb][et_pb_blurb use_icon=&#8221;on&#8221; font_icon=&#8221;&#xe107;||divi||400&#8243; icon_placement=&#8221;left&#8221; content_max_width=&#8221;200px&#8221; _builder_version=&#8221;4.16&#8243; header_font=&#8221;||||||||&#8221; body_font=&#8221;||||||||&#8221; body_font_size=&#8221;15px&#8221; body_line_height=&#8221;2em&#8221; custom_margin=&#8221;10px||10px||true&#8221; custom_padding=&#8221;|||&#8221; link_option_url=&#8221;https:\/\/www.rpa.ro\/wp-content\/uploads\/Robotic_Process_Automation.vcf&#8221; link_option_url_new_window=&#8221;on&#8221; global_colors_info=&#8221;{}&#8221;]<\/p>\n<p><span style=\"color: #ffffff;\">Business Card<\/span><\/p>\n<p>[\/et_pb_blurb][\/et_pb_column][et_pb_column type=&#8221;1_3&#8243; _builder_version=&#8221;4.16&#8243; custom_padding=&#8221;|||&#8221; global_colors_info=&#8221;{}&#8221; custom_padding__hover=&#8221;|||&#8221;][et_pb_text _builder_version=&#8221;4.16&#8243; custom_margin=&#8221;||0px&#8221; custom_padding=&#8221;0px||0px&#8221; global_colors_info=&#8221;{}&#8221;]<\/p>\n<h3 style=\"text-align: center;\"><span style=\"font-size: x-large; color: #ffffff;\"><strong>Follow Us<\/strong><\/span><\/h3>\n<p>[\/et_pb_text][et_pb_divider color=&#8221;#09e1c0&#8243; divider_weight=&#8221;3px&#8221; disabled_on=&#8221;on|on|off&#8221; _builder_version=&#8221;4.16&#8243; background_size=&#8221;initial&#8221; background_position=&#8221;top_left&#8221; background_repeat=&#8221;repeat&#8221; max_width=&#8221;40px&#8221; module_alignment=&#8221;center&#8221; custom_margin=&#8221;2px||5px|&#8221; animation_style=&#8221;zoom&#8221; animation_direction=&#8221;left&#8221; locked=&#8221;off&#8221; global_colors_info=&#8221;{}&#8221;][\/et_pb_divider][et_pb_social_media_follow _builder_version=&#8221;4.16&#8243; text_orientation=&#8221;center&#8221; custom_margin=&#8221;||5px&#8221; custom_padding=&#8221;10px||&#8221; border_radii=&#8221;on|50px|50px|50px|50px&#8221; border_width_all=&#8221;10px&#8221; border_color_all=&#8221;rgba(0,0,0,0)&#8221; global_colors_info=&#8221;{}&#8221;][et_pb_social_media_follow_network social_network=&#8221;linkedin&#8221; url=&#8221;https:\/\/www.linkedin.com\/company\/rpa-1&#8243; _builder_version=&#8221;4.16&#8243; background_color=&#8221;#007bb6&#8243; global_colors_info=&#8221;{}&#8221; follow_button=&#8221;off&#8221; url_new_window=&#8221;on&#8221;]linkedin[\/et_pb_social_media_follow_network][et_pb_social_media_follow_network social_network=&#8221;facebook&#8221; url=&#8221;https:\/\/www.facebook.com\/RoboticProAutomation&#8221; _builder_version=&#8221;4.16&#8243; background_color=&#8221;#3b5998&#8243; border_radii=&#8221;on|50px|50px|50px|50px&#8221; border_width_all=&#8221;10px&#8221; border_color_all=&#8221;rgba(0,0,0,0)&#8221; global_colors_info=&#8221;{}&#8221; follow_button=&#8221;off&#8221; url_new_window=&#8221;on&#8221;]facebook[\/et_pb_social_media_follow_network][et_pb_social_media_follow_network social_network=&#8221;twitter&#8221; url=&#8221;https:\/\/twitter.com\/ProcessRobotic&#8221; _builder_version=&#8221;4.22.2&#8243; background_color=&#8221;#000000&#8243; global_colors_info=&#8221;{}&#8221; follow_button=&#8221;off&#8221; url_new_window=&#8221;on&#8221;]twitter[\/et_pb_social_media_follow_network][\/et_pb_social_media_follow][et_pb_social_media_follow _builder_version=&#8221;4.16&#8243; text_orientation=&#8221;center&#8221; border_radii=&#8221;on|50px|50px|50px|50px&#8221; border_width_all=&#8221;10px&#8221; border_color_all=&#8221;rgba(0,0,0,0)&#8221; global_colors_info=&#8221;{}&#8221;][et_pb_social_media_follow_network social_network=&#8221;instagram&#8221; url=&#8221;https:\/\/www.instagram.com\/rparo\/&#8221; _builder_version=&#8221;4.16&#8243; background_color=&#8221;#ea2c59&#8243; global_colors_info=&#8221;{}&#8221; follow_button=&#8221;off&#8221; url_new_window=&#8221;on&#8221;]instagram[\/et_pb_social_media_follow_network][et_pb_social_media_follow_network social_network=&#8221;youtube&#8221; url=&#8221;https:\/\/www.youtube.com\/channel\/UCfKNEjpHbbHp4PFYyzu5QSg&#8221; _builder_version=&#8221;4.16&#8243; background_color=&#8221;#a82400&#8243; global_colors_info=&#8221;{}&#8221; follow_button=&#8221;off&#8221; url_new_window=&#8221;on&#8221;]youtube[\/et_pb_social_media_follow_network][et_pb_social_media_follow_network social_network=&#8221;tumblr&#8221; url=&#8221;https:\/\/socialrparo.tumblr.com&#8221; _builder_version=&#8221;4.16&#8243; background_color=&#8221;#32506d&#8221; global_colors_info=&#8221;{}&#8221; follow_button=&#8221;off&#8221; url_new_window=&#8221;on&#8221;]tumblr[\/et_pb_social_media_follow_network][\/et_pb_social_media_follow][\/et_pb_column][\/et_pb_row][\/et_pb_section]<\/p>","protected":false},"excerpt":{"rendered":"<p>Aplicabilitate Sarcini simple sau complexe Volum ridicat, productie serie mare Transfer de informa\u021bii Controlul de calitate cu frecvente mari C\u0103utarea si identificarea pieselor dintr-un grup Pozi\u021bionarea robotilor cu ajutorul sistemelor de camere 2D sau 3D Avantaje Reducerea efortului manual asociat desf\u0103\u0219ur\u0103rii unor sarcini repetitive Timp rapid de implementare &#8211; \u00eenceperea amortiz\u0103rii investi\u021biei in scurt timp [&hellip;]<\/p>","protected":false},"author":2,"featured_media":0,"parent":0,"menu_order":0,"comment_status":"closed","ping_status":"closed","template":"","meta":{"_et_pb_use_builder":"on","_et_pb_old_content":"","_et_gb_content_width":"","footnotes":""},"class_list":["post-26073","page","type-page","status-publish","hentry"],"yoast_head":"<!-- This site is optimized with the Yoast SEO plugin v24.3 - https:\/\/yoast.com\/wordpress\/plugins\/seo\/ -->\n<title>Aplicabilitate \u0219i Avantaje - Robotic Process Automation<\/title>\n<meta name=\"robots\" content=\"index, follow, max-snippet:-1, max-image-preview:large, max-video-preview:-1\" \/>\n<link rel=\"canonical\" href=\"https:\/\/www.rpa.ro\/en\/aplicabilitate-si-avantaje\/\" \/>\n<meta property=\"og:locale\" content=\"en_US\" \/>\n<meta property=\"og:type\" content=\"article\" \/>\n<meta property=\"og:title\" content=\"Aplicabilitate \u0219i Avantaje - Robotic Process Automation\" \/>\n<meta property=\"og:description\" content=\"Aplicabilitate Sarcini simple sau complexe Volum ridicat, productie serie mare Transfer de informa\u021bii Controlul de calitate cu frecvente mari C\u0103utarea si identificarea pieselor dintr-un grup Pozi\u021bionarea robotilor cu ajutorul sistemelor de camere 2D sau 3D Avantaje Reducerea efortului manual asociat desf\u0103\u0219ur\u0103rii unor sarcini repetitive Timp rapid de implementare - \u00eenceperea amortiz\u0103rii investi\u021biei in scurt timp [&hellip;]\" \/>\n<meta property=\"og:url\" content=\"https:\/\/www.rpa.ro\/en\/aplicabilitate-si-avantaje\/\" \/>\n<meta property=\"og:site_name\" content=\"Robotic Process Automation\" \/>\n<meta property=\"article:publisher\" content=\"https:\/\/www.facebook.com\/RoboticProAutomation\" \/>\n<meta property=\"article:modified_time\" content=\"2024-10-09T06:12:03+00:00\" \/>\n<meta name=\"twitter:card\" content=\"summary_large_image\" \/>\n<meta name=\"twitter:site\" content=\"@ProcessRobotic\" \/>\n<meta name=\"twitter:label1\" content=\"Est. reading time\" \/>\n\t<meta name=\"twitter:data1\" content=\"6 minutes\" \/>\n<script type=\"application\/ld+json\" class=\"yoast-schema-graph\">{\"@context\":\"https:\/\/schema.org\",\"@graph\":[{\"@type\":\"WebPage\",\"@id\":\"https:\/\/www.rpa.ro\/aplicabilitate-si-avantaje\/\",\"url\":\"https:\/\/www.rpa.ro\/aplicabilitate-si-avantaje\/\",\"name\":\"Aplicabilitate \u0219i Avantaje - Robotic Process Automation\",\"isPartOf\":{\"@id\":\"https:\/\/www.rpa.ro\/#website\"},\"datePublished\":\"2024-10-02T07:10:18+00:00\",\"dateModified\":\"2024-10-09T06:12:03+00:00\",\"breadcrumb\":{\"@id\":\"https:\/\/www.rpa.ro\/aplicabilitate-si-avantaje\/#breadcrumb\"},\"inLanguage\":\"en-US\",\"potentialAction\":[{\"@type\":\"ReadAction\",\"target\":[\"https:\/\/www.rpa.ro\/aplicabilitate-si-avantaje\/\"]}]},{\"@type\":\"BreadcrumbList\",\"@id\":\"https:\/\/www.rpa.ro\/aplicabilitate-si-avantaje\/#breadcrumb\",\"itemListElement\":[{\"@type\":\"ListItem\",\"position\":1,\"name\":\"Prima pagin\u0103\",\"item\":\"https:\/\/www.rpa.ro\/\"},{\"@type\":\"ListItem\",\"position\":2,\"name\":\"Aplicabilitate \u0219i Avantaje\"}]},{\"@type\":\"WebSite\",\"@id\":\"https:\/\/www.rpa.ro\/#website\",\"url\":\"https:\/\/www.rpa.ro\/\",\"name\":\"Robotic Process Automation\",\"description\":\"Robotic Process Automation\",\"publisher\":{\"@id\":\"https:\/\/www.rpa.ro\/#organization\"},\"potentialAction\":[{\"@type\":\"SearchAction\",\"target\":{\"@type\":\"EntryPoint\",\"urlTemplate\":\"https:\/\/www.rpa.ro\/?s={search_term_string}\"},\"query-input\":{\"@type\":\"PropertyValueSpecification\",\"valueRequired\":true,\"valueName\":\"search_term_string\"}}],\"inLanguage\":\"en-US\"},{\"@type\":\"Organization\",\"@id\":\"https:\/\/www.rpa.ro\/#organization\",\"name\":\"Robotic Process Automation\",\"url\":\"https:\/\/www.rpa.ro\/\",\"logo\":{\"@type\":\"ImageObject\",\"inLanguage\":\"en-US\",\"@id\":\"https:\/\/www.rpa.ro\/#\/schema\/logo\/image\/\",\"url\":\"https:\/\/www.rpa.ro\/wp-content\/uploads\/2019\/01\/RPA_Logo_Large-1024x576.png\",\"contentUrl\":\"https:\/\/www.rpa.ro\/wp-content\/uploads\/2019\/01\/RPA_Logo_Large-1024x576.png\",\"width\":1024,\"height\":576,\"caption\":\"Robotic Process Automation\"},\"image\":{\"@id\":\"https:\/\/www.rpa.ro\/#\/schema\/logo\/image\/\"},\"sameAs\":[\"https:\/\/www.facebook.com\/RoboticProAutomation\",\"https:\/\/x.com\/ProcessRobotic\",\"https:\/\/www.linkedin.com\/company\/rpa-1\",\"https:\/\/www.youtube.com\/channel\/UCfKNEjpHbbHp4PFYyzu5QSg\"]}]}<\/script>\n<!-- \/ Yoast SEO plugin. -->","yoast_head_json":{"title":"Aplicabilitate \u0219i Avantaje - Robotic Process Automation","robots":{"index":"index","follow":"follow","max-snippet":"max-snippet:-1","max-image-preview":"max-image-preview:large","max-video-preview":"max-video-preview:-1"},"canonical":"https:\/\/www.rpa.ro\/en\/aplicabilitate-si-avantaje\/","og_locale":"en_US","og_type":"article","og_title":"Aplicabilitate \u0219i Avantaje - Robotic Process Automation","og_description":"Aplicabilitate Sarcini simple sau complexe Volum ridicat, productie serie mare Transfer de informa\u021bii Controlul de calitate cu frecvente mari C\u0103utarea si identificarea pieselor dintr-un grup Pozi\u021bionarea robotilor cu ajutorul sistemelor de camere 2D sau 3D Avantaje Reducerea efortului manual asociat desf\u0103\u0219ur\u0103rii unor sarcini repetitive Timp rapid de implementare - \u00eenceperea amortiz\u0103rii investi\u021biei in scurt timp [&hellip;]","og_url":"https:\/\/www.rpa.ro\/en\/aplicabilitate-si-avantaje\/","og_site_name":"Robotic Process Automation","article_publisher":"https:\/\/www.facebook.com\/RoboticProAutomation","article_modified_time":"2024-10-09T06:12:03+00:00","twitter_card":"summary_large_image","twitter_site":"@ProcessRobotic","twitter_misc":{"Est. reading time":"6 minutes"},"schema":{"@context":"https:\/\/schema.org","@graph":[{"@type":"WebPage","@id":"https:\/\/www.rpa.ro\/aplicabilitate-si-avantaje\/","url":"https:\/\/www.rpa.ro\/aplicabilitate-si-avantaje\/","name":"Aplicabilitate \u0219i Avantaje - Robotic Process Automation","isPartOf":{"@id":"https:\/\/www.rpa.ro\/#website"},"datePublished":"2024-10-02T07:10:18+00:00","dateModified":"2024-10-09T06:12:03+00:00","breadcrumb":{"@id":"https:\/\/www.rpa.ro\/aplicabilitate-si-avantaje\/#breadcrumb"},"inLanguage":"en-US","potentialAction":[{"@type":"ReadAction","target":["https:\/\/www.rpa.ro\/aplicabilitate-si-avantaje\/"]}]},{"@type":"BreadcrumbList","@id":"https:\/\/www.rpa.ro\/aplicabilitate-si-avantaje\/#breadcrumb","itemListElement":[{"@type":"ListItem","position":1,"name":"Prima pagin\u0103","item":"https:\/\/www.rpa.ro\/"},{"@type":"ListItem","position":2,"name":"Aplicabilitate \u0219i Avantaje"}]},{"@type":"WebSite","@id":"https:\/\/www.rpa.ro\/#website","url":"https:\/\/www.rpa.ro\/","name":"Robotic Process Automation","description":"Robotic Process Automation","publisher":{"@id":"https:\/\/www.rpa.ro\/#organization"},"potentialAction":[{"@type":"SearchAction","target":{"@type":"EntryPoint","urlTemplate":"https:\/\/www.rpa.ro\/?s={search_term_string}"},"query-input":{"@type":"PropertyValueSpecification","valueRequired":true,"valueName":"search_term_string"}}],"inLanguage":"en-US"},{"@type":"Organization","@id":"https:\/\/www.rpa.ro\/#organization","name":"Robotic Process Automation","url":"https:\/\/www.rpa.ro\/","logo":{"@type":"ImageObject","inLanguage":"en-US","@id":"https:\/\/www.rpa.ro\/#\/schema\/logo\/image\/","url":"https:\/\/www.rpa.ro\/wp-content\/uploads\/2019\/01\/RPA_Logo_Large-1024x576.png","contentUrl":"https:\/\/www.rpa.ro\/wp-content\/uploads\/2019\/01\/RPA_Logo_Large-1024x576.png","width":1024,"height":576,"caption":"Robotic Process Automation"},"image":{"@id":"https:\/\/www.rpa.ro\/#\/schema\/logo\/image\/"},"sameAs":["https:\/\/www.facebook.com\/RoboticProAutomation","https:\/\/x.com\/ProcessRobotic","https:\/\/www.linkedin.com\/company\/rpa-1","https:\/\/www.youtube.com\/channel\/UCfKNEjpHbbHp4PFYyzu5QSg"]}]}},"_links":{"self":[{"href":"https:\/\/www.rpa.ro\/en\/wp-json\/wp\/v2\/pages\/26073","targetHints":{"allow":["GET"]}}],"collection":[{"href":"https:\/\/www.rpa.ro\/en\/wp-json\/wp\/v2\/pages"}],"about":[{"href":"https:\/\/www.rpa.ro\/en\/wp-json\/wp\/v2\/types\/page"}],"author":[{"embeddable":true,"href":"https:\/\/www.rpa.ro\/en\/wp-json\/wp\/v2\/users\/2"}],"replies":[{"embeddable":true,"href":"https:\/\/www.rpa.ro\/en\/wp-json\/wp\/v2\/comments?post=26073"}],"version-history":[{"count":4,"href":"https:\/\/www.rpa.ro\/en\/wp-json\/wp\/v2\/pages\/26073\/revisions"}],"predecessor-version":[{"id":26147,"href":"https:\/\/www.rpa.ro\/en\/wp-json\/wp\/v2\/pages\/26073\/revisions\/26147"}],"wp:attachment":[{"href":"https:\/\/www.rpa.ro\/en\/wp-json\/wp\/v2\/media?parent=26073"}],"curies":[{"name":"wp","href":"https:\/\/api.w.org\/{rel}","templated":true}]}}